{"id":31537,"date":"2017-04-27T20:45:59","date_gmt":"2017-04-27T20:45:59","guid":{"rendered":"https:\/\/www.qstraint.com\/registration\/"},"modified":"2018-04-27T16:49:40","modified_gmt":"2018-04-27T16:49:40","slug":"register-your-product","status":"publish","type":"page","link":"https:\/\/www.qstraint.com\/fr-ca\/register-your-product\/","title":{"rendered":"Enregistrement de la garantie du produit"},"content":{"rendered":"<section class=\"wpb-content-wrapper\"><p>[vc_row full_width= &raquo;stretch_row_content &raquo;][vc_column]<div class=\"templatera_shortcode\"><div data-vc-full-width=\"true\" data-vc-full-width-init=\"false\" data-vc-stretch-content=\"true\" class=\"vc_row wpb_row vc_row-fluid vc_custom_1491508665619\"><div class=\"wpb_column vc_column_container vc_col-sm-12\"><div class=\"vc_column-inner\"><div class=\"wpb_wrapper\"><div class=\"vc_row wpb_row vc_inner vc_row-fluid vc_custom_1491507698406 vc_row-has-fill\"><div class=\"wpb_column vc_column_container vc_col-sm-12\"><div class=\"vc_column-inner\"><div class=\"wpb_wrapper\"><nav aria-label=\"Breadcrumb\" class=\"breadcrumb \"><div class=\"container\"><ol><li><a aria-label=\"Home\" class=\"first_bc\" href=\"https:\/\/www.qstraint.com\/fr-ca\/\"><span><i class=\"qs-icon qs-icon-home-breadcrumb-white\"><\/i><\/span><\/a><\/li><\/ol><\/div><\/nav>\n\t<div class=\"wpb_text_column wpb_content_element \" >\n\t\t<div class=\"wpb_wrapper\">\n\t\t\t\n\n\t\t<\/div>\n\t<\/div>\n<\/div><\/div><\/div><\/div><\/div><\/div><\/div><\/div><div class=\"vc_row-full-width vc_clearfix\"><\/div><div class=\"upb_bg_img\" data-ultimate-bg=\"url(https:\/\/www.qstraint.com\/wp-content\/uploads\/2017\/04\/breadcrumb-bg.jpg)\" data-image-id=\"350\" data-ultimate-bg-style=\"vcpb-default\" data-bg-img-repeat=\"repeat\" data-bg-img-size=\"cover\" data-bg-img-position=\"\" data-parallx_sense=\"30\" data-bg-override=\"full\" data-bg_img_attach=\"scroll\" data-upb-overlay-color=\"rgba(0,0,0,0.35)\" data-upb-bg-animation=\"\" data-fadeout=\"off\" data-bg-animation=\"left-animation\" data-bg-animation-type=\"h\" data-animation-repeat=\"repeat\" data-fadeout-percentage=\"30\" data-parallax-content=\"parallax_content_value\" data-parallax-content-sense=\"50\" data-row-effect-mobile-disable=\"true\" data-img-parallax-mobile-disable=\"true\" data-rtl=\"false\"  data-custom-vc-row=\"\"  data-vc=\"7.0\"  data-is_old_vc=\"\"  data-theme-support=\"\"   data-overlay=\"true\" data-overlay-color=\"rgba(0,0,0,0.35)\" data-overlay-pattern=\"https:\/\/www.qstraint.com\/wp-content\/plugins\/parallax_video_backgrounds_vc\/assets\/images\/patterns\/01.png\" data-overlay-pattern-opacity=\"0.35\" data-overlay-pattern-size=\"\" data-overlay-pattern-attachment=\"fixed\"    ><\/div><\/div>[\/vc_column][\/vc_row][vc_row][vc_column]<h1 class=\"boc_heading  center  \" ><span>Enregistrement du <Strong>produit<\/strong><\/span><\/h1><div class=\"boc_divider_holder\"><div class=\"boc_divider  \" ><\/div><\/div><h4 class=\"boc_heading  center  \" ><span>Merci d&rsquo;avoir choisi les produits Q&rsquo;Straint<\/span><\/h4>[\/vc_column][\/vc_row][vc_row full_width= &raquo;stretch_row &raquo; bg_type= &raquo;grad &raquo; css= &raquo;.vc_custom_1497374911080{margin-bottom: 0px !important;padding-bottom: 10px !important;} &raquo; bg_grad= &raquo;background: -webkit-gradient(linear, left top, left bottom, color-stop(20%, #FFFFFF), color-stop(20%, #EEF5FA));background: -moz-linear-gradient(top,#FFFFFF 20%,#EEF5FA 20%);background: -webkit-linear-gradient(top,#FFFFFF 20%,#EEF5FA 20%);background: -o-linear-gradient(top,#FFFFFF 20%,#EEF5FA 20%);background: -ms-linear-gradient(top,#FFFFFF 20%,#EEF5FA 20%);background: linear-gradient(top,#FFFFFF 20%,#EEF5FA 20%); &raquo;][vc_column width= &raquo;1\/6&Prime; offset= &raquo;vc_hidden-sm vc_hidden-xs &raquo;][\/vc_column][vc_column el_class= &raquo;qs-box-shadow-sm center &raquo; css= &raquo;.vc_custom_1504039716332{border-top-width: 1px !important;border-right-width: 1px !important;border-bottom-width: 1px !important;border-left-width: 1px !important;padding-top: 40px !important;padding-right: 20px !important;padding-bottom: 40px !important;padding-left: 20px !important;background-color: #ffffff !important;border-left-color: #b9c3cb !important;border-left-style: solid !important;border-right-color: #b9c3cb !important;border-right-style: solid !important;border-top-color: #b9c3cb !important;border-top-style: solid !important;border-bottom-color: #b9c3cb !important;border-bottom-style: solid !important;} &raquo; offset= &raquo;vc_col-md-8&Prime;]<div class=\"boc_icon_holder boc_icon_size_huge boc_icon_pos_center  \" style=\"margin-top: -20px\"><span class=\"boc_icon qicon-customer-support-icon\" style=\"color:#013ca6;\"><\/span><\/div><p class=\"boc_heading  center  \"  style=\"margin-top: 10px;color: #013ca6;font-size: 24px;line-height: 1.7em;\"><span>Pour enregistrer un produit, connectez-vous \u00e0 votre tableau de bord QSTRAINT.<\/span><\/p><p class=\"boc_heading  center  \"  style=\"margin-top: 0px;font-size: 18px;line-height: 1.7em;\"><span>L&rsquo;inscription est totalement gratuite. De plus, vous b\u00e9n\u00e9ficierez du support personnalis\u00e9, du suivi de vos produits enregistr\u00e9s, de la demande de documents d&rsquo;instructions techniques et bien plus encore!<\/span><\/p><a\thref=\"https:\/\/www.qstraint.com\/warranty-registration\/\" \n\t\tclass=\"qs-btn-cta    \"  target='_self'><span>Connectez-vous ou inscrivez-vous<\/span><\/a>[\/vc_column][vc_column width= &raquo;1\/6&Prime; offset= &raquo;vc_hidden-sm vc_hidden-xs &raquo;][\/vc_column][\/vc_row][vc_row full_width= &raquo;stretch_row_content &raquo; seperator_enable= &raquo;off &raquo; css= &raquo;.vc_custom_1504039745944{margin-bottom: 0px !important;padding-top: 40px !important;padding-bottom: 80px !important;background-color: #eef5fa !important;} &raquo;][vc_column width= &raquo;1\/6&Prime; offset= &raquo;vc_hidden-sm vc_hidden-xs &raquo;][\/vc_column][vc_column el_class= &raquo;qs-box-shadow-sm &raquo; css= &raquo;.vc_custom_1497890949754{border-top-width: 1px !important;border-right-width: 1px !important;border-bottom-width: 1px !important;border-left-width: 1px !important;padding-top: 40px !important;padding-right: 40px !important;padding-bottom: 40px !important;padding-left: 40px !important;background-color: #ffffff !important;border-left-color: #b9c3cb !important;border-left-style: solid !important;border-right-color: #b9c3cb !important;border-right-style: solid !important;border-top-color: #b9c3cb !important;border-top-style: solid !important;border-bottom-color: #b9c3cb !important;border-bottom-style: solid !important;} &raquo; offset= &raquo;vc_col-md-8&Prime;]<h2 class=\"boc_heading  center  \"  style=\"margin-bottom: 20px;margin-top: 10px;color: #013ca6;\"><span>GARANTIE LIMIT\u00c9E<\/span><\/h2>[vc_column_text]Q\u2019Straint garantit la conformit\u00e9 de ce produit avec ses sp\u00e9cifications de fabrication ainsi que l&rsquo;absence de tout d\u00e9faut mat\u00e9riel ou de fabrication. Q\u2019Straint ou son distributeur agr\u00e9\u00e9 r\u00e9parera ou remplacera gratuitement (\u00e0 sa seule discr\u00e9tion) le ou les composant(s) d\u00e9fectueux. Cette garantie ne couvre pas les frais de montage et de d\u00e9montage, de transport, de main-d&rsquo;\u0153uvre, ou encore tout autre frais connexe encouru pour l&rsquo;\u00e9limination d&rsquo;une pi\u00e8ce d\u00e9fectueuse ou l&rsquo;installation d&rsquo;une pi\u00e8ce de remplacement.[\/vc_column_text]<div class=\"boc_divider_holder\"><div class=\"boc_divider  \"  style=\"margin-top: 20px;margin-bottom: 40px;width: 80%;\"><\/div><\/div>[vc_column_text]<\/p>\n<h4>COUVERTURES DES PRODUITS ET LIMITATIONS:<\/h4>\n<p><strong>La garantie limit\u00e9e offerte par Q\u2019Straint ne s\u2019applique qu\u2019aux d\u00e9fauts de fabrication des mat\u00e9riaux et usinage des produits comme suit :<\/strong><\/p>\n<ul style=\"padding-left: 40px;\">\n<li><strong>QUANTUM<\/strong>\u00a0\u2013 3 ans* ou 10, 000 cycles.<\/li>\n<li><strong>Q&rsquo;POD, QRT-3 Series, QRT-5 Series<\/strong>\u00a0\u2013 Couverture de garantie limit\u00e9e de 5 ans*.<\/li>\n<li><strong>QRT Max, QRT Deluxe, QLK-150, Q&rsquo;UBE<\/strong>\u00a0\u2013 Couverture de garantie limit\u00e9e de 3 ans*.<\/li>\n<li><strong>QRT Standard, Q-5000, M-Series, QLK-110<\/strong>\u00a0\u2013 Couverture de garantie limit\u00e9e de 2 ans*.<\/li>\n<li><strong>Tout autre produit<\/strong>\u00a0\u2013 Couverture de garantie limit\u00e9e de 1 an.<\/li>\n<\/ul>\n<p><strong>*Uniquement valable lorsque le produit a \u00e9t\u00e9 enregistr\u00e9 aupr\u00e8s de Q\u2019Straint.<\/strong>  \u00c0 d\u00e9faut, une garantie d\u2019un (1) an s\u2019applique \u00e0 l\u2019ensemble des produits.<\/p>\n<p>Chacune des p\u00e9riodes de couverture offerte par la garantie s&rsquo;\u00e9tend \u00e0 partir de la date d&rsquo;exp\u00e9dition des produits de chez Q&rsquo;STRAINT et s&rsquo;applique uniquement aux d\u00e9fauts garantis qui se manifestent d&rsquo;abord et sont signal\u00e9s \u00e0 Q&rsquo;STRAINT dans la p\u00e9riode de garantie applicable. Q&rsquo;STRAINT se r\u00e9serve le droit de d\u00e9terminer, \u00e0 sa satisfaction raisonnable, si un d\u00e9faut revendiqu\u00e9 est couvert par cette garantie.[\/vc_column_text]<div class=\"boc_divider_holder\"><div class=\"boc_divider  \"  style=\"margin-top: 20px;margin-bottom: 40px;width: 80%;\"><\/div><\/div>[vc_column_text]<\/p>\n<h4>CERTAINS ARTICLES SONT\u00a0<strong>EXCLUS DE LA GARANTIE COUVERTE<\/strong>\u00a0PAR Q&rsquo;STRAINT, ET CETTE \u00a0<strong>COUVERTURE DE GARANTIE LIMIT\u00c9E NE S&rsquo;APPLIQUE PAS \u00c0<\/strong>:<\/h4>\n<ol style=\"padding-left: 40px;\">\n<li>Les produits qui ne sont pas install\u00e9s et entretenus conform\u00e9ment aux instructions de Q&rsquo;STRAINT.<\/li>\n<li>Les produits qui sont soumis \u00e0 une mauvaise utilisation, abus, accident, n\u00e9gligence ou une exposition aux \u00e9l\u00e9ments ou produits chimiques.<\/li>\n<li>Les produits qui ont \u00e9t\u00e9 modifi\u00e9s ou non par un service de r\u00e9paration autoris\u00e9 par Q&rsquo;STRAINT.<\/li>\n<li>L&rsquo;usure normale et l&rsquo;entretien de routine.<\/li>\n<li>Les produits qui ne sont pas utilis\u00e9s d&rsquo;une mani\u00e8re approuv\u00e9e par Q&rsquo;STRAINT.<\/li>\n<\/ol>\n<p><strong>Toutes garanties l\u00e9gales ou conditions implicites (notamment toute garantie l\u00e9gale ou condition implicite de qualit\u00e9 marchande ou d&rsquo;adaptation \u00e0 un usage particulier) SONT EXCLUSES ET REJET\u00c9ES DANS TOUTE LA MESURE AUTHORIS\u00c9E PAR LA LOI. Si des garanties, conditions ou garanties implicites sont requises en vertu de la loi applicable, elles sont limit\u00e9es \u00e0 la dur\u00e9e minimale autoris\u00e9e par la loi (pas plus longue que la dur\u00e9e de la couverture de garantie limit\u00e9e applicable). Pour les clients r\u00e9sidants au Canada:  Certaines provinces ne permettent pas de limites sur la dur\u00e9e d&rsquo;une garantie implicite ou sur l&rsquo;exclusion ou les limites des dommages accessoires ou indirects, les limites ou exclusions susmentionn\u00e9es peuvent donc ne pas s&rsquo;appliquer \u00e0 vous.<\/strong>[\/vc_column_text][vc_column_text]<\/p>\n<h4>RECOURS EN VERTU DE CETTE GARANTIE LIMIT\u00c9E<\/h4>\n<p>Si un d\u00e9faut couvert par cette garantie se produit, Q&rsquo;STRAINT (ou l&rsquo;un de ses revendeurs autoris\u00e9s, tel que d\u00e9termin\u00e9 par Q&rsquo;STRAINT) r\u00e9parera ou remplacera les produits d\u00e9fectueux, \u00e0 sa seule discr\u00e9tion.  Ce recours &laquo; r\u00e9paration ou remplacement &raquo; est le\u00a0<strong>recours exclusif <\/strong>\u00a0sous cette garantie. Q&rsquo;STRAINT <strong>d\u00e9cline toute responsabilit\u00e9 pour tout dommage indirect ou cons\u00e9cutif<\/strong>, tel que la perte d&rsquo;utilisation, les int\u00e9r\u00eats ou les frais financiers, le co\u00fbt des r\u00e9parations effectu\u00e9es par des services de r\u00e9paration non autoris\u00e9s, la d\u00e9pr\u00e9ciation, etc., qui sont\u00a0<strong>express\u00e9ment exclus et rejet\u00e9s<\/strong>\u00a0de cette garantie. Pour les clients r\u00e9sidants au Canada:  Certaines provinces ne permettent pas de limites sur la dur\u00e9e d&rsquo;une garantie implicite ou sur l&rsquo;exclusion ou les limites des dommages accessoires ou indirects, les limites ou exclusions susmentionn\u00e9es peuvent donc ne pas s&rsquo;appliquer \u00e0 vous.<\/p>\n<h4><\/h4>\n<p>[\/vc_column_text][vc_column_text]<\/p>\n<h4><\/h4>\n<h4>RESPONSABILIT\u00c9S DE L&rsquo;ACHETEUR<\/h4>\n<ol style=\"padding-left: 40px;\">\n<li>Toute r\u00e9clamation en vertu de cette garantie limit\u00e9e doit \u00eatre faite \u00e0 Q&rsquo;STRAINT dans les quinze (15) jours suivant la survenance du d\u00e9faut.<\/li>\n<li>Les Produits doivent \u00eatre retourn\u00e9s \u00e0 Q&rsquo;STRAINT (ou \u00e0 son centre de r\u00e9paration autoris\u00e9, tel que d\u00e9termin\u00e9 par Q&rsquo;STRAINT) pour l&rsquo;inspection et le service \u00e0 l&rsquo;int\u00e9rieur de la p\u00e9riode couverte par la garantie. Les frais de d\u00e9montage, de retour des Produits pour le service de garantie et de retour des Produits au propri\u00e9taire et de r\u00e9assemblage apr\u00e8s la fin du service de garantie sont \u00e0 la charge du propri\u00e9taire et ne seront pas rembours\u00e9s par Q&rsquo;STRAINT. Contactez le service client\u00e8le Q&rsquo;STRAINT pour plus d&rsquo;informations sur la fa\u00e7on de retourner les produits.<\/li>\n<li>Si votre produit comprend un formulaire d&rsquo;inscription, il doit \u00eatre retourn\u00e9 \u00e0 Q&rsquo;STRAINT dans les trente (30) jours suivant la livraison des produits \u00e0 l&rsquo;acheteur.<\/li>\n<\/ol>\n<p><em>Q&rsquo;STRAINT se r\u00e9serve le droit d&rsquo;am\u00e9liorer ses produits \u00e0 travers des changements dans la conception ou les mat\u00e9riaux sans obligation aux propri\u00e9taires des autres produits.<\/em><\/p>\n<p>Q&rsquo;STRAINT peut \u00eatre contact\u00e9 au <strong>800-987-9987<\/strong>\u00a09987 ou par courriel \u00e0 \u00a0<a href=\"mailto:customersatisfaction@qstraint.com\">customersatisfaction@qstraint.com<\/a>.[\/vc_column_text][\/vc_column][vc_column width= &raquo;1\/6&Prime; offset= &raquo;vc_hidden-sm vc_hidden-xs &raquo;][\/vc_column][\/vc_row]<\/p>\n<\/section>","protected":false},"excerpt":{"rendered":"<p>Merci d&rsquo;avoir choisi les produits Q&rsquo;STRAINT.<\/p>\n<div class=\"h10\"><\/div><a aria-label=\"Enregistrement de la garantie du produit\" class=\"more-link1\" href=\"https:\/\/www.qstraint.com\/fr-ca\/register-your-product\/\">Read more<\/a>","protected":false},"author":1,"featured_media":31539,"parent":0,"menu_order":0,"comment_status":"closed","ping_status":"closed","template":"","meta":{"footnotes":""},"acf":[],"yoast_head":"<!-- This site is optimized with the Yoast SEO plugin v21.2 - https:\/\/yoast.com\/wordpress\/plugins\/seo\/ -->\n<title>Q&#039;STRAINT: Enregistrement de la garantie du produit<\/title>\n<meta name=\"robots\" content=\"index, follow, max-snippet:-1, max-image-preview:large, max-video-preview:-1\" \/>\n<link rel=\"canonical\" href=\"https:\/\/www.qstraint.com\/fr-ca\/register-your-product\/\" \/>\n<meta property=\"og:locale\" content=\"fr_CA\" \/>\n<meta property=\"og:type\" content=\"article\" \/>\n<meta property=\"og:title\" content=\"Q&#039;STRAINT: Enregistrement de la garantie du produit\" \/>\n<meta property=\"og:description\" content=\"Merci d&#039;avoir choisi les produits Q&#039;STRAINT.\" \/>\n<meta property=\"og:url\" content=\"https:\/\/www.qstraint.com\/fr-ca\/register-your-product\/\" \/>\n<meta property=\"og:site_name\" content=\"Q&#039;STRAINT\" \/>\n<meta property=\"article:modified_time\" content=\"2018-04-27T16:49:40+00:00\" \/>\n<meta property=\"og:image\" content=\"https:\/\/www.qstraint.com\/wp-content\/uploads\/2017\/04\/l-track-gallery-3.jpg\" \/>\n\t<meta property=\"og:image:width\" content=\"1010\" \/>\n\t<meta property=\"og:image:height\" content=\"700\" \/>\n\t<meta property=\"og:image:type\" content=\"image\/jpeg\" \/>\n<meta name=\"twitter:card\" content=\"summary_large_image\" \/>\n<meta name=\"twitter:label1\" content=\"Estimation du temps de lecture\" \/>\n\t<meta name=\"twitter:data1\" content=\"7 minutes\" \/>\n<script type=\"application\/ld+json\" class=\"yoast-schema-graph\">{\"@context\":\"https:\/\/schema.org\",\"@graph\":[{\"@type\":\"WebPage\",\"@id\":\"https:\/\/www.qstraint.com\/fr-ca\/register-your-product\/\",\"url\":\"https:\/\/www.qstraint.com\/fr-ca\/register-your-product\/\",\"name\":\"Q'STRAINT: Enregistrement de la garantie du produit\",\"isPartOf\":{\"@id\":\"https:\/\/www.qstraint.com\/#website\"},\"datePublished\":\"2017-04-27T20:45:59+00:00\",\"dateModified\":\"2018-04-27T16:49:40+00:00\",\"breadcrumb\":{\"@id\":\"https:\/\/www.qstraint.com\/fr-ca\/register-your-product\/#breadcrumb\"},\"inLanguage\":\"fr-CA\",\"potentialAction\":[{\"@type\":\"ReadAction\",\"target\":[\"https:\/\/www.qstraint.com\/fr-ca\/register-your-product\/\"]}]},{\"@type\":\"BreadcrumbList\",\"@id\":\"https:\/\/www.qstraint.com\/fr-ca\/register-your-product\/#breadcrumb\",\"itemListElement\":[{\"@type\":\"ListItem\",\"position\":1,\"name\":\"Home\",\"item\":\"https:\/\/www.qstraint.com\/fr-ca\/\"},{\"@type\":\"ListItem\",\"position\":2,\"name\":\"Enregistrement de la garantie du produit\"}]},{\"@type\":\"WebSite\",\"@id\":\"https:\/\/www.qstraint.com\/#website\",\"url\":\"https:\/\/www.qstraint.com\/\",\"name\":\"Q&#039;STRAINT\",\"description\":\"Wheelchair Passenger Safety Solutions\",\"publisher\":{\"@id\":\"https:\/\/www.qstraint.com\/#organization\"},\"potentialAction\":[{\"@type\":\"SearchAction\",\"target\":{\"@type\":\"EntryPoint\",\"urlTemplate\":\"https:\/\/www.qstraint.com\/?s={search_term_string}\"},\"query-input\":\"required name=search_term_string\"}],\"inLanguage\":\"fr-CA\"},{\"@type\":\"Organization\",\"@id\":\"https:\/\/www.qstraint.com\/#organization\",\"name\":\"Q'STRAINT\",\"url\":\"https:\/\/www.qstraint.com\/\",\"logo\":{\"@type\":\"ImageObject\",\"inLanguage\":\"fr-CA\",\"@id\":\"https:\/\/www.qstraint.com\/#\/schema\/logo\/image\/\",\"url\":\"https:\/\/www.qstraint.com\/wp-content\/uploads\/2017\/08\/qstraint-corp-logo.png\",\"contentUrl\":\"https:\/\/www.qstraint.com\/wp-content\/uploads\/2017\/08\/qstraint-corp-logo.png\",\"width\":400,\"height\":235,\"caption\":\"Q'STRAINT\"},\"image\":{\"@id\":\"https:\/\/www.qstraint.com\/#\/schema\/logo\/image\/\"}}]}<\/script>\n<!-- \/ Yoast SEO plugin. -->","yoast_head_json":{"title":"Q'STRAINT: Enregistrement de la garantie du produit","robots":{"index":"index","follow":"follow","max-snippet":"max-snippet:-1","max-image-preview":"max-image-preview:large","max-video-preview":"max-video-preview:-1"},"canonical":"https:\/\/www.qstraint.com\/fr-ca\/register-your-product\/","og_locale":"fr_CA","og_type":"article","og_title":"Q'STRAINT: Enregistrement de la garantie du produit","og_description":"Merci d'avoir choisi les produits Q'STRAINT.","og_url":"https:\/\/www.qstraint.com\/fr-ca\/register-your-product\/","og_site_name":"Q&#039;STRAINT","article_modified_time":"2018-04-27T16:49:40+00:00","og_image":[{"width":1010,"height":700,"url":"https:\/\/www.qstraint.com\/wp-content\/uploads\/2017\/04\/l-track-gallery-3.jpg","type":"image\/jpeg"}],"twitter_card":"summary_large_image","twitter_misc":{"Estimation du temps de lecture":"7 minutes"},"schema":{"@context":"https:\/\/schema.org","@graph":[{"@type":"WebPage","@id":"https:\/\/www.qstraint.com\/fr-ca\/register-your-product\/","url":"https:\/\/www.qstraint.com\/fr-ca\/register-your-product\/","name":"Q'STRAINT: Enregistrement de la garantie du produit","isPartOf":{"@id":"https:\/\/www.qstraint.com\/#website"},"datePublished":"2017-04-27T20:45:59+00:00","dateModified":"2018-04-27T16:49:40+00:00","breadcrumb":{"@id":"https:\/\/www.qstraint.com\/fr-ca\/register-your-product\/#breadcrumb"},"inLanguage":"fr-CA","potentialAction":[{"@type":"ReadAction","target":["https:\/\/www.qstraint.com\/fr-ca\/register-your-product\/"]}]},{"@type":"BreadcrumbList","@id":"https:\/\/www.qstraint.com\/fr-ca\/register-your-product\/#breadcrumb","itemListElement":[{"@type":"ListItem","position":1,"name":"Home","item":"https:\/\/www.qstraint.com\/fr-ca\/"},{"@type":"ListItem","position":2,"name":"Enregistrement de la garantie du produit"}]},{"@type":"WebSite","@id":"https:\/\/www.qstraint.com\/#website","url":"https:\/\/www.qstraint.com\/","name":"Q&#039;STRAINT","description":"Wheelchair Passenger Safety Solutions","publisher":{"@id":"https:\/\/www.qstraint.com\/#organization"},"potentialAction":[{"@type":"SearchAction","target":{"@type":"EntryPoint","urlTemplate":"https:\/\/www.qstraint.com\/?s={search_term_string}"},"query-input":"required name=search_term_string"}],"inLanguage":"fr-CA"},{"@type":"Organization","@id":"https:\/\/www.qstraint.com\/#organization","name":"Q'STRAINT","url":"https:\/\/www.qstraint.com\/","logo":{"@type":"ImageObject","inLanguage":"fr-CA","@id":"https:\/\/www.qstraint.com\/#\/schema\/logo\/image\/","url":"https:\/\/www.qstraint.com\/wp-content\/uploads\/2017\/08\/qstraint-corp-logo.png","contentUrl":"https:\/\/www.qstraint.com\/wp-content\/uploads\/2017\/08\/qstraint-corp-logo.png","width":400,"height":235,"caption":"Q'STRAINT"},"image":{"@id":"https:\/\/www.qstraint.com\/#\/schema\/logo\/image\/"}}]}},"_links":{"self":[{"href":"https:\/\/www.qstraint.com\/fr-ca\/wp-json\/wp\/v2\/pages\/31537"}],"collection":[{"href":"https:\/\/www.qstraint.com\/fr-ca\/wp-json\/wp\/v2\/pages"}],"about":[{"href":"https:\/\/www.qstraint.com\/fr-ca\/wp-json\/wp\/v2\/types\/page"}],"author":[{"embeddable":true,"href":"https:\/\/www.qstraint.com\/fr-ca\/wp-json\/wp\/v2\/users\/1"}],"replies":[{"embeddable":true,"href":"https:\/\/www.qstraint.com\/fr-ca\/wp-json\/wp\/v2\/comments?post=31537"}],"version-history":[{"count":44,"href":"https:\/\/www.qstraint.com\/fr-ca\/wp-json\/wp\/v2\/pages\/31537\/revisions"}],"predecessor-version":[{"id":45341,"href":"https:\/\/www.qstraint.com\/fr-ca\/wp-json\/wp\/v2\/pages\/31537\/revisions\/45341"}],"wp:featuredmedia":[{"embeddable":true,"href":"https:\/\/www.qstraint.com\/fr-ca\/wp-json\/wp\/v2\/media\/31539"}],"wp:attachment":[{"href":"https:\/\/www.qstraint.com\/fr-ca\/wp-json\/wp\/v2\/media?parent=31537"}],"curies":[{"name":"wp","href":"https:\/\/api.w.org\/{rel}","templated":true}]}}