{"id":31521,"date":"2017-04-27T20:45:59","date_gmt":"2017-04-27T20:45:59","guid":{"rendered":"https:\/\/www.qstraint.com\/registration\/"},"modified":"2021-06-29T09:25:43","modified_gmt":"2021-06-29T13:25:43","slug":"register-your-product","status":"publish","type":"page","link":"https:\/\/www.qstraint.com\/es\/register-your-product\/","title":{"rendered":"Product Warranty Registration"},"content":{"rendered":"<section class=\"wpb-content-wrapper\"><p>[vc_row full_width=\u00bbstretch_row_content\u00bb][vc_column]<div class=\"templatera_shortcode\"><div data-vc-full-width=\"true\" data-vc-full-width-init=\"false\" data-vc-stretch-content=\"true\" class=\"vc_row wpb_row vc_row-fluid vc_custom_1491508665619\"><div class=\"wpb_column vc_column_container vc_col-sm-12\"><div class=\"vc_column-inner\"><div class=\"wpb_wrapper\"><div class=\"vc_row wpb_row vc_inner vc_row-fluid vc_custom_1491507698406 vc_row-has-fill\"><div class=\"wpb_column vc_column_container vc_col-sm-12\"><div class=\"vc_column-inner\"><div class=\"wpb_wrapper\"><nav aria-label=\"Breadcrumb\" class=\"breadcrumb \"><div class=\"container\"><ol><li><a aria-label=\"Home\" class=\"first_bc\" href=\"https:\/\/www.qstraint.com\/es\/\"><span><i class=\"qs-icon qs-icon-home-breadcrumb-white\"><\/i><\/span><\/a><\/li><\/ol><\/div><\/nav>\n\t<div class=\"wpb_text_column wpb_content_element \" >\n\t\t<div class=\"wpb_wrapper\">\n\t\t\t\n\n\t\t<\/div>\n\t<\/div>\n<\/div><\/div><\/div><\/div><\/div><\/div><\/div><\/div><div class=\"vc_row-full-width vc_clearfix\"><\/div><div class=\"upb_bg_img\" data-ultimate-bg=\"url(https:\/\/www.qstraint.com\/wp-content\/uploads\/2017\/04\/breadcrumb-bg.jpg)\" data-image-id=\"350\" data-ultimate-bg-style=\"vcpb-default\" data-bg-img-repeat=\"repeat\" data-bg-img-size=\"cover\" data-bg-img-position=\"\" data-parallx_sense=\"30\" data-bg-override=\"full\" data-bg_img_attach=\"scroll\" data-upb-overlay-color=\"rgba(0,0,0,0.35)\" data-upb-bg-animation=\"\" data-fadeout=\"off\" data-bg-animation=\"left-animation\" data-bg-animation-type=\"h\" data-animation-repeat=\"repeat\" data-fadeout-percentage=\"30\" data-parallax-content=\"parallax_content_value\" data-parallax-content-sense=\"50\" data-row-effect-mobile-disable=\"true\" data-img-parallax-mobile-disable=\"true\" data-rtl=\"false\"  data-custom-vc-row=\"\"  data-vc=\"7.0\"  data-is_old_vc=\"\"  data-theme-support=\"\"   data-overlay=\"true\" data-overlay-color=\"rgba(0,0,0,0.35)\" data-overlay-pattern=\"https:\/\/www.qstraint.com\/wp-content\/plugins\/parallax_video_backgrounds_vc\/assets\/images\/patterns\/01.png\" data-overlay-pattern-opacity=\"0.35\" data-overlay-pattern-size=\"\" data-overlay-pattern-attachment=\"fixed\"    ><\/div><\/div>[\/vc_column][\/vc_row][vc_row][vc_column]<h1 class=\"boc_heading  center  \" ><span>REGISTRO DE GARANT\u00cdA DEL PRODUCTO<\/span><\/h1><div class=\"boc_divider_holder\"><div class=\"boc_divider  \" ><\/div><\/div><h4 class=\"boc_heading  center  \" ><span>GRACIAS POR ELEGIR PRODUCTOS Q&#8217;STRAINT<\/span><\/h4>[\/vc_column][\/vc_row][vc_row full_width=\u00bbstretch_row\u00bb bg_type=\u00bbgrad\u00bb css=\u00bb.vc_custom_1497374911080{margin-bottom: 0px !important;padding-bottom: 10px !important;}\u00bb bg_grad=\u00bbbackground: -webkit-gradient(linear, left top, left bottom, color-stop(20%, #FFFFFF), color-stop(20%, #EEF5FA));background: -moz-linear-gradient(top,#FFFFFF 20%,#EEF5FA 20%);background: -webkit-linear-gradient(top,#FFFFFF 20%,#EEF5FA 20%);background: -o-linear-gradient(top,#FFFFFF 20%,#EEF5FA 20%);background: -ms-linear-gradient(top,#FFFFFF 20%,#EEF5FA 20%);background: linear-gradient(top,#FFFFFF 20%,#EEF5FA 20%);\u00bb][vc_column width=\u00bb1\/6&#8243; offset=\u00bbvc_hidden-sm vc_hidden-xs\u00bb][\/vc_column][vc_column el_class=\u00bbqs-box-shadow-sm center\u00bb css=\u00bb.vc_custom_1504039716332{border-top-width: 1px !important;border-right-width: 1px !important;border-bottom-width: 1px !important;border-left-width: 1px !important;padding-top: 40px !important;padding-right: 20px !important;padding-bottom: 40px !important;padding-left: 20px !important;background-color: #ffffff !important;border-left-color: #b9c3cb !important;border-left-style: solid !important;border-right-color: #b9c3cb !important;border-right-style: solid !important;border-top-color: #b9c3cb !important;border-top-style: solid !important;border-bottom-color: #b9c3cb !important;border-bottom-style: solid !important;}\u00bb offset=\u00bbvc_col-md-8&#8243;]<div class=\"boc_icon_holder boc_icon_size_huge boc_icon_pos_center  \" style=\"margin-top: -20px\"><span class=\"boc_icon qicon-customer-support-icon\" style=\"color:#013ca6;\"><\/span><\/div><p class=\"boc_heading  center  \"  style=\"margin-top: 10px;color: #013ca6;font-size: 24px;line-height: 1.7em;\"><span>Para registrar un producto, inicie sesi\u00f3n en su panel de control de QSTRAINT.<\/span><\/p><p class=\"boc_heading  center  \"  style=\"margin-top: 0px;font-size: 18px;line-height: 1.7em;\"><span>La inscripci\u00f3n es totalmente GRATUITA. Adem\u00e1s, disfrutar\u00e1 del beneficio adicional de recibir atenci\u00f3n personalizada, realizar un seguimiento de sus productos registrados, solicitar documentos de instrucciones t\u00e9cnicas y mucho m\u00e1s.<\/span><\/p><a\thref=\"https:\/\/www.qstraint.com\/warranty-registration\/\" \n\t\tclass=\"qs-btn-cta    \"  target='_self'><span>INICIAR SESI\u00d3N O REGISTRARSE<\/span><\/a>[\/vc_column][vc_column width=\u00bb1\/6&#8243; offset=\u00bbvc_hidden-sm vc_hidden-xs\u00bb][\/vc_column][\/vc_row][vc_row full_width=\u00bbstretch_row_content\u00bb seperator_enable=\u00bboff\u00bb css=\u00bb.vc_custom_1504039745944{margin-bottom: 0px !important;padding-top: 40px !important;padding-bottom: 80px !important;background-color: #eef5fa !important;}\u00bb][vc_column width=\u00bb1\/6&#8243; offset=\u00bbvc_hidden-sm vc_hidden-xs\u00bb][\/vc_column][vc_column el_class=\u00bbqs-box-shadow-sm\u00bb css=\u00bb.vc_custom_1497890949754{border-top-width: 1px !important;border-right-width: 1px !important;border-bottom-width: 1px !important;border-left-width: 1px !important;padding-top: 40px !important;padding-right: 40px !important;padding-bottom: 40px !important;padding-left: 40px !important;background-color: #ffffff !important;border-left-color: #b9c3cb !important;border-left-style: solid !important;border-right-color: #b9c3cb !important;border-right-style: solid !important;border-top-color: #b9c3cb !important;border-top-style: solid !important;border-bottom-color: #b9c3cb !important;border-bottom-style: solid !important;}\u00bb offset=\u00bbvc_col-md-8&#8243;]<h2 class=\"boc_heading  center  \"  style=\"margin-bottom: 20px;margin-top: 10px;color: #013ca6;\"><span>GARANT\u00cdA LIMITADA<\/span><\/h2>[vc_column_text]Q&#8217;STRAINT proporciona cobertura de garant\u00eda limitada para los productos Q&#8217;STRAINT (los \u00abProductos\u00bb), tal como se describe en la presente Garant\u00eda Limitada. Para clientes en los EE.\u00a0UU.: esta garant\u00eda le otorga derechos legales espec\u00edficos; tambi\u00e9n puede tener otros derechos, que var\u00edan de unos estados a otros. Para clientes en la Uni\u00f3n Europea: el comprador puede tener derechos legales adicionales dependiendo de la legislaci\u00f3n nacional aplicable que regule la venta de bienes de consumo y esos derechos (en su caso) no se ver\u00e1n afectados por esta garant\u00eda.[\/vc_column_text]<div class=\"boc_divider_holder\"><div class=\"boc_divider  \"  style=\"margin-top: 20px;margin-bottom: 40px;width: 80%;\"><\/div><\/div>[vc_column_text]<\/p>\n<h4>PRODUCTOS CUBIERTOS Y LIMITACIONES:<\/h4>\n<p><strong>La cobertura de garant\u00eda limitada de Q&#8217;STRAINT se aplica \u00fanicamente a defectos de f\u00e1brica en materiales y mano de obra presentes en los Productos de la siguiente manera:<\/strong><\/p>\n<ul style=\"padding-left: 40px;\">\n<li><strong>QUANTUM<\/strong>\u00a0\u2013 1 a\u00f1o*.<\/li>\n<li><strong>Q&#8217;POD, QRT-3 Series, QRT-5 Series<\/strong>\u00a0\u2013 5 a\u00f1os* de cobertura de garant\u00eda limitada<\/li>\n<li><strong>QRT Max, QRT Deluxe, QLK-150, Q&#8217;UBE<\/strong>\u00a0\u2013 3 a\u00f1os* de cobertura de garant\u00eda limitada<\/li>\n<li><strong>QRT Standard, Q-5000, M-Series, QLK-110<\/strong>\u00a0\u2013 2 a\u00f1os* de cobertura de garant\u00eda limitada<\/li>\n<li>cobertura de garant\u00eda limitada de 1 a\u00f1o.<\/li>\n<\/ul>\n<p><strong>*Solo v\u00e1lido si el producto est\u00e1 registrado en Q&#8217;STRAINT.<\/strong> De lo contrario, se aplica una garant\u00eda limitada de 1 a\u00f1o para todos los productos.<\/p>\n<p>Cada uno de los per\u00edodos de cobertura de la garant\u00eda se extiende desde la fecha de env\u00edo de los Productos desde Q&#8217;STRAINT y se aplica solo a los defectos garantizados que se manifiestan en primer lugar y sean notificados a Q&#8217;STRAINT dentro del per\u00edodo de garant\u00eda aplicable. Q&#8217;STRAINT se reserva el derecho de determinar de manera razonable si cualquier defecto reclamado est\u00e1 cubierto por esta garant\u00eda.[\/vc_column_text]<div class=\"boc_divider_holder\"><div class=\"boc_divider  \"  style=\"margin-top: 20px;margin-bottom: 40px;width: 80%;\"><\/div><\/div>[vc_column_text]<\/p>\n<h4>CIERTOS ART\u00cdCULOS EST\u00c1N EXCLUIDOS DE LA COBERTURA DE GARANT\u00cdA DE Q&#8217;STRAINT Y ESTA COBERTURA DE GARANT\u00cdA LIMITADA NO SE APLICA:<\/h4>\n<ol style=\"padding-left: 40px;\">\n<li>A productos que est\u00e9n sujetos a mal uso, abuso, accidente, negligencia o exposici\u00f3n a la intemperie o a productos qu\u00edmicos.<\/li>\n<li>A productos que hayan sido modificados o reparados por un servicio de reparaci\u00f3n no autorizado por Q&#8217;STRAINT.<\/li>\n<li>Al desgaste normal y el mantenimiento ordinario.<\/li>\n<li>A productos que no se usan en aplicaciones o modalidades aprobadas por Q&#8217;STRAINT.<\/li>\n<\/ol>\n<p><strong>TODAS LAS GARANT\u00cdAS LEGALES O IMPL\u00cdCITAS (INCLUYENDO CUALQUIER GARANT\u00cdA DE COMERCIABILIDAD O IDONEIDAD PARA UN PROP\u00d3SITO DETERMINADO) Y CONDICIONES EST\u00c1N EXCLUIDAS Y SE RENUNCIA A ELLAS EN LA MAYOR MEDIDA PERMITIDA POR LA LEY. Si se requieren condiciones o garant\u00edas impl\u00edcitas seg\u00fan la ley aplicable, estas est\u00e1n limitadas a la duraci\u00f3n m\u00ednima permitida por la ley (no superior a la duraci\u00f3n de la cobertura de la garant\u00eda limitada). Para clientes en los EE. UU.: Algunos estados no permiten limitaciones sobre la duraci\u00f3n de una garant\u00eda impl\u00edcita, por lo que la limitaci\u00f3n anterior podr\u00eda no ser aplicable en su caso.<\/strong>[\/vc_column_text][vc_column_text]<\/p>\n<h4>APLICACIONES DE ESTA GARANT\u00cdA LIMITADA<\/h4>\n<p>Si se produce un defecto cubierto por esta garant\u00eda, Q&#8217;STRAINT (o uno de sus distribuidores autorizados, seg\u00fan lo determinado por Q&#8217;STRAINT) reparar\u00e1 o sustituir\u00e1 los Productos defectuosos, a su exclusivo criterio. Esta aplicaci\u00f3n de \u00abreparaci\u00f3n o sustituci\u00f3n\u00bb constituye la aplicaci\u00f3n exclusiva esta garant\u00eda. Q&#8217;STRAINT no tiene ninguna responsabilidad por los da\u00f1os incidentales o consecuentes, como p\u00e9rdida de uso, intereses o gastos financieros, coste de reparaciones por parte de servicios de reparaci\u00f3n no autorizados, depreciaci\u00f3n, etc., todos los cuales est\u00e1n espec\u00edficamente excluidos de esta garant\u00eda. Para clientes en EE. UU.: algunos estados no permiten la exclusi\u00f3n o limitaci\u00f3n de da\u00f1os incidentales o consecuentes, en cuyo caso las limitaciones o exclusiones anteriores podr\u00edan no ser aplicables en su caso.[\/vc_column_text][vc_column_text]<\/p>\n<h4>RESPONSABILIDAD DEL COMPRADOR<\/h4>\n<ol style=\"padding-left: 40px;\">\n<li>Toda reclamaci\u00f3n en virtud de la presente garant\u00eda limitada debe presentarse ante Q\u2019STRAINT en un plazo de quince (15) d\u00edas desde la aparici\u00f3n del defecto.<\/li>\n<li>Los Productos deben devolverse a Q&#8217;STRAINT (o a su centro de reparaci\u00f3n autorizado, seg\u00fan lo determine Q&#8217;STRAINT) dentro del per\u00edodo de garant\u00eda para su inspecci\u00f3n y la aplicaci\u00f3n del servicio de garant\u00eda. El coste de desmontaje, la devoluci\u00f3n de los Productos por parte del servicio de garant\u00eda y la devoluci\u00f3n de los Productos al propietario, as\u00ed como el nuevo montaje tras la finalizaci\u00f3n del servicio de garant\u00eda, son responsabilidad del propietario y no ser\u00e1n reembolsados por Q&#8217;STRAINT. Contacte con el Servicio de Atenci\u00f3n al Cliente de Q&#8217;STRAINT para obtener informaci\u00f3n sobre c\u00f3mo realizar la devoluci\u00f3n de los Productos.<\/li>\n<li>Si su Producto incluye un formulario de registro, este debe ser enviado a Q&#8217;STRAINT dentro de los treinta (30) d\u00edas posteriores a la entrega de los Productos al comprador.<\/li>\n<\/ol>\n<p><em>Q&#8217;STRAINT se reserva el derecho de mejorar sus productos mediante cambios de dise\u00f1o o de materiales, sin estar obligado a ello frente a los propietarios de otros productos.<\/em><\/p>\n<p>Puede contactar con Q&#8217;STRAINT en el n\u00famero de tel\u00e9fono\u00a0<strong>+44 (0)1227 773035<\/strong>\u00a0or via email at\u00a0<a href=\"mailto:sales@qstraint.co.uk\">sales@qstraint.co.uk<\/a>.[\/vc_column_text][\/vc_column][vc_column width=\u00bb1\/6&#8243; offset=\u00bbvc_hidden-sm vc_hidden-xs\u00bb][\/vc_column][\/vc_row]<\/p>\n<\/section>","protected":false},"excerpt":{"rendered":"<p>Thank you for choosing Q&#8217;STRAINT products.<\/p>\n<div class=\"h10\"><\/div><a aria-label=\"Product Warranty Registration\" class=\"more-link1\" href=\"https:\/\/www.qstraint.com\/es\/register-your-product\/\">Read more<\/a>","protected":false},"author":1,"featured_media":27759,"parent":0,"menu_order":0,"comment_status":"closed","ping_status":"closed","template":"","meta":{"footnotes":""},"acf":[],"yoast_head":"<!-- This site is optimized with the Yoast SEO plugin v21.2 - https:\/\/yoast.com\/wordpress\/plugins\/seo\/ -->\n<title>Q&#039;STRAINT: Product Warranty Registration<\/title>\n<meta name=\"robots\" content=\"index, follow, max-snippet:-1, max-image-preview:large, max-video-preview:-1\" \/>\n<link rel=\"canonical\" href=\"https:\/\/www.qstraint.com\/es\/register-your-product\/\" \/>\n<meta property=\"og:locale\" content=\"es_ES\" \/>\n<meta property=\"og:type\" content=\"article\" \/>\n<meta property=\"og:title\" content=\"Q&#039;STRAINT: Product Warranty Registration\" \/>\n<meta property=\"og:description\" content=\"Thank you for choosing Q&#039;STRAINT products.\" \/>\n<meta property=\"og:url\" content=\"https:\/\/www.qstraint.com\/es\/register-your-product\/\" \/>\n<meta property=\"og:site_name\" content=\"Q&#039;STRAINT\" \/>\n<meta property=\"article:modified_time\" content=\"2021-06-29T13:25:43+00:00\" \/>\n<meta property=\"og:image\" content=\"https:\/\/www.qstraint.com\/wp-content\/uploads\/2017\/04\/l-track-gallery-3.jpg\" \/>\n\t<meta property=\"og:image:width\" content=\"1010\" \/>\n\t<meta property=\"og:image:height\" content=\"700\" \/>\n\t<meta property=\"og:image:type\" content=\"image\/jpeg\" \/>\n<meta name=\"twitter:card\" content=\"summary_large_image\" \/>\n<meta name=\"twitter:label1\" content=\"Tiempo de lectura\" \/>\n\t<meta name=\"twitter:data1\" content=\"7 minutos\" \/>\n<script type=\"application\/ld+json\" class=\"yoast-schema-graph\">{\"@context\":\"https:\/\/schema.org\",\"@graph\":[{\"@type\":\"WebPage\",\"@id\":\"https:\/\/www.qstraint.com\/es\/register-your-product\/\",\"url\":\"https:\/\/www.qstraint.com\/es\/register-your-product\/\",\"name\":\"Q'STRAINT: Product Warranty Registration\",\"isPartOf\":{\"@id\":\"https:\/\/www.qstraint.com\/#website\"},\"datePublished\":\"2017-04-27T20:45:59+00:00\",\"dateModified\":\"2021-06-29T13:25:43+00:00\",\"breadcrumb\":{\"@id\":\"https:\/\/www.qstraint.com\/es\/register-your-product\/#breadcrumb\"},\"inLanguage\":\"es\",\"potentialAction\":[{\"@type\":\"ReadAction\",\"target\":[\"https:\/\/www.qstraint.com\/es\/register-your-product\/\"]}]},{\"@type\":\"BreadcrumbList\",\"@id\":\"https:\/\/www.qstraint.com\/es\/register-your-product\/#breadcrumb\",\"itemListElement\":[{\"@type\":\"ListItem\",\"position\":1,\"name\":\"Home\",\"item\":\"https:\/\/www.qstraint.com\/es\/\"},{\"@type\":\"ListItem\",\"position\":2,\"name\":\"Product Warranty Registration\"}]},{\"@type\":\"WebSite\",\"@id\":\"https:\/\/www.qstraint.com\/#website\",\"url\":\"https:\/\/www.qstraint.com\/\",\"name\":\"Q&#039;STRAINT\",\"description\":\"Wheelchair Passenger Safety Solutions\",\"publisher\":{\"@id\":\"https:\/\/www.qstraint.com\/#organization\"},\"potentialAction\":[{\"@type\":\"SearchAction\",\"target\":{\"@type\":\"EntryPoint\",\"urlTemplate\":\"https:\/\/www.qstraint.com\/?s={search_term_string}\"},\"query-input\":\"required name=search_term_string\"}],\"inLanguage\":\"es\"},{\"@type\":\"Organization\",\"@id\":\"https:\/\/www.qstraint.com\/#organization\",\"name\":\"Q'STRAINT\",\"url\":\"https:\/\/www.qstraint.com\/\",\"logo\":{\"@type\":\"ImageObject\",\"inLanguage\":\"es\",\"@id\":\"https:\/\/www.qstraint.com\/#\/schema\/logo\/image\/\",\"url\":\"https:\/\/www.qstraint.com\/wp-content\/uploads\/2017\/08\/qstraint-corp-logo.png\",\"contentUrl\":\"https:\/\/www.qstraint.com\/wp-content\/uploads\/2017\/08\/qstraint-corp-logo.png\",\"width\":400,\"height\":235,\"caption\":\"Q'STRAINT\"},\"image\":{\"@id\":\"https:\/\/www.qstraint.com\/#\/schema\/logo\/image\/\"}}]}<\/script>\n<!-- \/ Yoast SEO plugin. -->","yoast_head_json":{"title":"Q'STRAINT: Product Warranty Registration","robots":{"index":"index","follow":"follow","max-snippet":"max-snippet:-1","max-image-preview":"max-image-preview:large","max-video-preview":"max-video-preview:-1"},"canonical":"https:\/\/www.qstraint.com\/es\/register-your-product\/","og_locale":"es_ES","og_type":"article","og_title":"Q'STRAINT: Product Warranty Registration","og_description":"Thank you for choosing Q'STRAINT products.","og_url":"https:\/\/www.qstraint.com\/es\/register-your-product\/","og_site_name":"Q&#039;STRAINT","article_modified_time":"2021-06-29T13:25:43+00:00","og_image":[{"width":1010,"height":700,"url":"https:\/\/www.qstraint.com\/wp-content\/uploads\/2017\/04\/l-track-gallery-3.jpg","type":"image\/jpeg"}],"twitter_card":"summary_large_image","twitter_misc":{"Tiempo de lectura":"7 minutos"},"schema":{"@context":"https:\/\/schema.org","@graph":[{"@type":"WebPage","@id":"https:\/\/www.qstraint.com\/es\/register-your-product\/","url":"https:\/\/www.qstraint.com\/es\/register-your-product\/","name":"Q'STRAINT: Product Warranty Registration","isPartOf":{"@id":"https:\/\/www.qstraint.com\/#website"},"datePublished":"2017-04-27T20:45:59+00:00","dateModified":"2021-06-29T13:25:43+00:00","breadcrumb":{"@id":"https:\/\/www.qstraint.com\/es\/register-your-product\/#breadcrumb"},"inLanguage":"es","potentialAction":[{"@type":"ReadAction","target":["https:\/\/www.qstraint.com\/es\/register-your-product\/"]}]},{"@type":"BreadcrumbList","@id":"https:\/\/www.qstraint.com\/es\/register-your-product\/#breadcrumb","itemListElement":[{"@type":"ListItem","position":1,"name":"Home","item":"https:\/\/www.qstraint.com\/es\/"},{"@type":"ListItem","position":2,"name":"Product Warranty Registration"}]},{"@type":"WebSite","@id":"https:\/\/www.qstraint.com\/#website","url":"https:\/\/www.qstraint.com\/","name":"Q&#039;STRAINT","description":"Wheelchair Passenger Safety Solutions","publisher":{"@id":"https:\/\/www.qstraint.com\/#organization"},"potentialAction":[{"@type":"SearchAction","target":{"@type":"EntryPoint","urlTemplate":"https:\/\/www.qstraint.com\/?s={search_term_string}"},"query-input":"required name=search_term_string"}],"inLanguage":"es"},{"@type":"Organization","@id":"https:\/\/www.qstraint.com\/#organization","name":"Q'STRAINT","url":"https:\/\/www.qstraint.com\/","logo":{"@type":"ImageObject","inLanguage":"es","@id":"https:\/\/www.qstraint.com\/#\/schema\/logo\/image\/","url":"https:\/\/www.qstraint.com\/wp-content\/uploads\/2017\/08\/qstraint-corp-logo.png","contentUrl":"https:\/\/www.qstraint.com\/wp-content\/uploads\/2017\/08\/qstraint-corp-logo.png","width":400,"height":235,"caption":"Q'STRAINT"},"image":{"@id":"https:\/\/www.qstraint.com\/#\/schema\/logo\/image\/"}}]}},"_links":{"self":[{"href":"https:\/\/www.qstraint.com\/es\/wp-json\/wp\/v2\/pages\/31521"}],"collection":[{"href":"https:\/\/www.qstraint.com\/es\/wp-json\/wp\/v2\/pages"}],"about":[{"href":"https:\/\/www.qstraint.com\/es\/wp-json\/wp\/v2\/types\/page"}],"author":[{"embeddable":true,"href":"https:\/\/www.qstraint.com\/es\/wp-json\/wp\/v2\/users\/1"}],"replies":[{"embeddable":true,"href":"https:\/\/www.qstraint.com\/es\/wp-json\/wp\/v2\/comments?post=31521"}],"version-history":[{"count":5,"href":"https:\/\/www.qstraint.com\/es\/wp-json\/wp\/v2\/pages\/31521\/revisions"}],"predecessor-version":[{"id":102236,"href":"https:\/\/www.qstraint.com\/es\/wp-json\/wp\/v2\/pages\/31521\/revisions\/102236"}],"wp:featuredmedia":[{"embeddable":true,"href":"https:\/\/www.qstraint.com\/es\/wp-json\/wp\/v2\/media\/27759"}],"wp:attachment":[{"href":"https:\/\/www.qstraint.com\/es\/wp-json\/wp\/v2\/media?parent=31521"}],"curies":[{"name":"wp","href":"https:\/\/api.w.org\/{rel}","templated":true}]}}